{"id":3198,"date":"2017-10-13T10:40:52","date_gmt":"2017-10-13T10:40:52","guid":{"rendered":"https:\/\/www.mint-media.hr\/?page_id=3198"},"modified":"2017-10-25T19:43:32","modified_gmt":"2017-10-25T19:43:32","slug":"blog","status":"publish","type":"page","link":"https:\/\/www.mint-media.hr\/hr\/blog\/","title":{"rendered":"MINT JOURNAL"},"content":{"rendered":"[vc_row][vc_column css=&#8221;.vc_custom_1508353291479{margin-top: 40px !important;}&#8221;]<div class=\"mkdf-blog-list-holder mkdf-three-columns mkdf-grid-type-1 mkdf-blog-list-grid\">\n\t<ul class=\"mkdf-blog-list\">\n\t<li class=\"mkdf-blog-list-item clearfix post-4175 post type-post status-publish format-standard has-post-thumbnail hentry category-drustvene-mreze category-website\">\n\t<div class=\"mkdf-blog-list-item-inner\">\n\t\t\t\t\t<div class=\"mkdf-item-image\" itemprop=\"image\">\n\t\t\t\t<a itemprop=\"url\" href=\"https:\/\/www.mint-media.hr\/hr\/digitalni-marketing\/\">\n\t\t\t\t\t\t\t\t\t\t\t<img width=\"800\" height=\"600\" src=\"https:\/\/www.mint-media.hr\/wp-content\/uploads\/2018\/01\/Mint-To-Do-List-01-800x600.jpg\" class=\"attachment-optimize_mikado_landscape size-optimize_mikado_landscape wp-post-image\" alt=\"mint media to do list 2018\" loading=\"lazy\" \/>\t\t\t\t\t\t\t\t\t<\/a>\n\t\t\t<\/div>\n\t\t\t\t<div class=\"mkdf-item-text-holder\">\n\t\t\t<h3 itemprop=\"headline\" class=\"mkdf-item-title\">\n\t\t\t\t<a itemprop=\"url\" href=\"https:\/\/www.mint-media.hr\/hr\/digitalni-marketing\/\" >\n\t\t\t\t\tKako vam digitalni marketing mo\u017ee pomo\u0107i da se rije\u0161iti depresivnih ponedjeljaka?\t\t\t\t<\/a>\n\t\t\t<\/h3>\n\t\t\t\n\t\t\t\t\t\t\t<p itemprop=\"description\" class=\"mkdf-excerpt\">[vc_row][vc_column][vc_column_text]Praznici su zavr\u0161ili, novogodi\u0161nje odluke smo ve\u0107 donijeli, a vjerojatno i zaboravili. Pro\u0161ao je i sije\u010danj, m<\/p>\n\t\t\t\n\t\t\t<div class=\"mkdf-item-info-section\">\n\t\t\t\t<div class=\"mkdf-post-info-date\">\n\t\t\t<time itemprop=\"datePublished\" datetime=\"2018-01-29\">January 29, 2018<\/time>\n\t\t<\/div><div class=\"mkdf-blog-like mkdf-post-info-item\">\n\t<a href=\"#\" class=\"mkdf-like\" id=\"mkdf-like-4175-985\" title=\"Like this\"><i class=\"icon_heart\"><\/i><span>0<\/span><\/a><\/div><div class=\"mkdf-post-info-comments-holder mkdf-post-info-item\">\n\t<a class=\"mkdf-post-info-comments\" href=\"https:\/\/www.mint-media.hr\/hr\/digitalni-marketing\/#respond\">\n\t\t<span class=\"mkdf-post-info-comments-icon\">\n\t\t\t<span aria-hidden=\"true\" class=\"mkdf-icon-font-elegant icon_comment \" ><\/span>\t\t<\/span>\n\t\t<span itemprop=\"commentCount\">0<\/span>\n\t<\/a>\n<\/div>\t\t\t<\/div>\n\t\t<\/div>\n\t<\/div>\t\n<\/li><li class=\"mkdf-blog-list-item clearfix post-4091 post type-post status-publish format-standard has-post-thumbnail hentry category-posao\">\n\t<div class=\"mkdf-blog-list-item-inner\">\n\t\t\t\t\t<div class=\"mkdf-item-image\" itemprop=\"image\">\n\t\t\t\t<a itemprop=\"url\" href=\"https:\/\/www.mint-media.hr\/hr\/trazimo-front-end-developera\/\">\n\t\t\t\t\t\t\t\t\t\t\t<img width=\"800\" height=\"600\" src=\"https:\/\/www.mint-media.hr\/wp-content\/uploads\/2018\/01\/mint-media-oglas-za-posao-800x600.jpg\" class=\"attachment-optimize_mikado_landscape size-optimize_mikado_landscape wp-post-image\" alt=\"mint media oglas za posao\" loading=\"lazy\" \/>\t\t\t\t\t\t\t\t\t<\/a>\n\t\t\t<\/div>\n\t\t\t\t<div class=\"mkdf-item-text-holder\">\n\t\t\t<h3 itemprop=\"headline\" class=\"mkdf-item-title\">\n\t\t\t\t<a itemprop=\"url\" href=\"https:\/\/www.mint-media.hr\/hr\/trazimo-front-end-developera\/\" >\n\t\t\t\t\tTRA\u017dIMO FRONT-END DEVELOPERA\t\t\t\t<\/a>\n\t\t\t<\/h3>\n\t\t\t\n\t\t\t\t\t\t\t<p itemprop=\"description\" class=\"mkdf-excerpt\">Tra\u017eimo Front-end developera (m\/\u017e) za rad u mladom, motiviranom i brzorastu\u0107em timu.<\/p>\n\t\t\t\n\t\t\t<div class=\"mkdf-item-info-section\">\n\t\t\t\t<div class=\"mkdf-post-info-date\">\n\t\t\t<time itemprop=\"datePublished\" datetime=\"2018-01-03\">January 3, 2018<\/time>\n\t\t<\/div><div class=\"mkdf-blog-like mkdf-post-info-item\">\n\t<a href=\"#\" class=\"mkdf-like\" id=\"mkdf-like-4091-436\" title=\"Like this\"><i class=\"icon_heart\"><\/i><span>0<\/span><\/a><\/div><div class=\"mkdf-post-info-comments-holder mkdf-post-info-item\">\n\t<a class=\"mkdf-post-info-comments\" href=\"https:\/\/www.mint-media.hr\/hr\/trazimo-front-end-developera\/#respond\">\n\t\t<span class=\"mkdf-post-info-comments-icon\">\n\t\t\t<span aria-hidden=\"true\" class=\"mkdf-icon-font-elegant icon_comment \" ><\/span>\t\t<\/span>\n\t\t<span itemprop=\"commentCount\">0<\/span>\n\t<\/a>\n<\/div>\t\t\t<\/div>\n\t\t<\/div>\n\t<\/div>\t\n<\/li><li class=\"mkdf-blog-list-item clearfix post-3985 post type-post status-publish format-standard has-post-thumbnail hentry category-business category-drustvene-mreze tag-community-management tag-drustvene-mreze tag-pr\">\n\t<div class=\"mkdf-blog-list-item-inner\">\n\t\t\t\t\t<div class=\"mkdf-item-image\" itemprop=\"image\">\n\t\t\t\t<a itemprop=\"url\" href=\"https:\/\/www.mint-media.hr\/hr\/vodenje-drustvenih-mreza\/\">\n\t\t\t\t\t\t\t\t\t\t\t<img width=\"800\" height=\"600\" src=\"https:\/\/www.mint-media.hr\/wp-content\/uploads\/2017\/10\/mint-8-800x600.jpg\" class=\"attachment-optimize_mikado_landscape size-optimize_mikado_landscape wp-post-image\" alt=\"dru\u0161tvene mre\u017ee mint media\" loading=\"lazy\" \/>\t\t\t\t\t\t\t\t\t<\/a>\n\t\t\t<\/div>\n\t\t\t\t<div class=\"mkdf-item-text-holder\">\n\t\t\t<h3 itemprop=\"headline\" class=\"mkdf-item-title\">\n\t\t\t\t<a itemprop=\"url\" href=\"https:\/\/www.mint-media.hr\/hr\/vodenje-drustvenih-mreza\/\" >\n\t\t\t\t\tDA JE DRU\u0160TVENE MRE\u017dE VODITI LAKO, DRU\u0160TVENE MRE\u017dE BI VODIO SVATKO!\t\t\t\t<\/a>\n\t\t\t<\/h3>\n\t\t\t\n\t\t\t\t\t\t\t<p itemprop=\"description\" class=\"mkdf-excerpt\">Vo\u0111enje dru\u0161tvenih mre\u017ea nije samo objava posta na Facebook niti fotografija na Instagramu. Rije\u010d je o skupu alata i sustavnoj komunikaciji kojom <\/p>\n\t\t\t\n\t\t\t<div class=\"mkdf-item-info-section\">\n\t\t\t\t<div class=\"mkdf-post-info-date\">\n\t\t\t<time itemprop=\"datePublished\" datetime=\"2017-10-25\">October 25, 2017<\/time>\n\t\t<\/div><div class=\"mkdf-blog-like mkdf-post-info-item\">\n\t<a href=\"#\" class=\"mkdf-like\" id=\"mkdf-like-3985-687\" title=\"Like this\"><i class=\"icon_heart\"><\/i><span>9<\/span><\/a><\/div><div class=\"mkdf-post-info-comments-holder mkdf-post-info-item\">\n\t<a class=\"mkdf-post-info-comments\" href=\"https:\/\/www.mint-media.hr\/hr\/vodenje-drustvenih-mreza\/#respond\">\n\t\t<span class=\"mkdf-post-info-comments-icon\">\n\t\t\t<span aria-hidden=\"true\" class=\"mkdf-icon-font-elegant icon_comment \" ><\/span>\t\t<\/span>\n\t\t<span itemprop=\"commentCount\">0<\/span>\n\t<\/a>\n<\/div>\t\t\t<\/div>\n\t\t<\/div>\n\t<\/div>\t\n<\/li><li class=\"mkdf-blog-list-item clearfix post-3958 post type-post status-publish format-standard has-post-thumbnail hentry category-business category-website tag-pr tag-web\">\n\t<div class=\"mkdf-blog-list-item-inner\">\n\t\t\t\t\t<div class=\"mkdf-item-image\" itemprop=\"image\">\n\t\t\t\t<a itemprop=\"url\" href=\"https:\/\/www.mint-media.hr\/hr\/mint-media-sudjelovala-u-trgovinskom-posjetu-u-zagrebu\/\">\n\t\t\t\t\t\t\t\t\t\t\t<img width=\"800\" height=\"600\" src=\"https:\/\/www.mint-media.hr\/wp-content\/uploads\/2017\/10\/mint-7-800x600.jpg\" class=\"attachment-optimize_mikado_landscape size-optimize_mikado_landscape wp-post-image\" alt=\"mint media\" loading=\"lazy\" \/>\t\t\t\t\t\t\t\t\t<\/a>\n\t\t\t<\/div>\n\t\t\t\t<div class=\"mkdf-item-text-holder\">\n\t\t\t<h3 itemprop=\"headline\" class=\"mkdf-item-title\">\n\t\t\t\t<a itemprop=\"url\" href=\"https:\/\/www.mint-media.hr\/hr\/mint-media-sudjelovala-u-trgovinskom-posjetu-u-zagrebu\/\" >\n\t\t\t\t\tSUDJELOVALI SMO U TRGOVINSKOM POSJETU AMERI\u010cKIH PODUZE\u0106A U ZAGREBU\t\t\t\t<\/a>\n\t\t\t<\/h3>\n\t\t\t\n\t\t\t\t\t\t\t<p itemprop=\"description\" class=\"mkdf-excerpt\">U.S. Commercial Service pri Veleposlanstvu SAD organizirao je trgovinski posjet 16 ameri\u010dkih poduze\u0107a Zagrebu 23. listopada 2017. godine. <\/p>\n\t\t\t\n\t\t\t<div class=\"mkdf-item-info-section\">\n\t\t\t\t<div class=\"mkdf-post-info-date\">\n\t\t\t<time itemprop=\"datePublished\" datetime=\"2017-10-23\">October 23, 2017<\/time>\n\t\t<\/div><div class=\"mkdf-blog-like mkdf-post-info-item\">\n\t<a href=\"#\" class=\"mkdf-like\" id=\"mkdf-like-3958-421\" title=\"Like this\"><i class=\"icon_heart\"><\/i><span>8<\/span><\/a><\/div><div class=\"mkdf-post-info-comments-holder mkdf-post-info-item\">\n\t<a class=\"mkdf-post-info-comments\" href=\"https:\/\/www.mint-media.hr\/hr\/mint-media-sudjelovala-u-trgovinskom-posjetu-u-zagrebu\/#respond\">\n\t\t<span class=\"mkdf-post-info-comments-icon\">\n\t\t\t<span aria-hidden=\"true\" class=\"mkdf-icon-font-elegant icon_comment \" ><\/span>\t\t<\/span>\n\t\t<span itemprop=\"commentCount\">0<\/span>\n\t<\/a>\n<\/div>\t\t\t<\/div>\n\t\t<\/div>\n\t<\/div>\t\n<\/li><li class=\"mkdf-blog-list-item clearfix post-450 post type-post status-publish format-standard has-post-thumbnail hentry category-website tag-seo tag-web\">\n\t<div class=\"mkdf-blog-list-item-inner\">\n\t\t\t\t\t<div class=\"mkdf-item-image\" itemprop=\"image\">\n\t\t\t\t<a itemprop=\"url\" href=\"https:\/\/www.mint-media.hr\/hr\/izrada-web-stranica-dubrovnik\/\">\n\t\t\t\t\t\t\t\t\t\t\t<img width=\"800\" height=\"600\" src=\"https:\/\/www.mint-media.hr\/wp-content\/uploads\/2015\/12\/izrada-web-stranica-800x600.jpg\" class=\"attachment-optimize_mikado_landscape size-optimize_mikado_landscape wp-post-image\" alt=\"izrada web stranica\" loading=\"lazy\" \/>\t\t\t\t\t\t\t\t\t<\/a>\n\t\t\t<\/div>\n\t\t\t\t<div class=\"mkdf-item-text-holder\">\n\t\t\t<h3 itemprop=\"headline\" class=\"mkdf-item-title\">\n\t\t\t\t<a itemprop=\"url\" href=\"https:\/\/www.mint-media.hr\/hr\/izrada-web-stranica-dubrovnik\/\" >\n\t\t\t\t\tKAKO WEB STRANICA MO\u017dE BITI KORISTAN SAVEZNIK U POSLOVANJU?\t\t\t\t<\/a>\n\t\t\t<\/h3>\n\t\t\t\n\t\t\t\t\t\t\t<p itemprop=\"description\" class=\"mkdf-excerpt\">Web stranica mo\u017ee biti jak prodajni kanal, mo\u017ee biti koristan saveznik u poslovanju, pridonijeti iskustvu potencijalnih klijenata, ...<\/p>\n\t\t\t\n\t\t\t<div class=\"mkdf-item-info-section\">\n\t\t\t\t<div class=\"mkdf-post-info-date\">\n\t\t\t<time itemprop=\"datePublished\" datetime=\"2017-10-19\">October 19, 2017<\/time>\n\t\t<\/div><div class=\"mkdf-blog-like mkdf-post-info-item\">\n\t<a href=\"#\" class=\"mkdf-like\" id=\"mkdf-like-450-349\" title=\"Like this\"><i class=\"icon_heart\"><\/i><span>8<\/span><\/a><\/div><div class=\"mkdf-post-info-comments-holder mkdf-post-info-item\">\n\t<a class=\"mkdf-post-info-comments\" href=\"https:\/\/www.mint-media.hr\/hr\/izrada-web-stranica-dubrovnik\/#respond\">\n\t\t<span class=\"mkdf-post-info-comments-icon\">\n\t\t\t<span aria-hidden=\"true\" class=\"mkdf-icon-font-elegant icon_comment \" ><\/span>\t\t<\/span>\n\t\t<span itemprop=\"commentCount\">0<\/span>\n\t<\/a>\n<\/div>\t\t\t<\/div>\n\t\t<\/div>\n\t<\/div>\t\n<\/li>\t<\/ul>\t\n<\/div>\n[\/vc_column][\/vc_row]\n","protected":false},"excerpt":{"rendered":"<p>[vc_row][vc_column css=&#8221;.vc_custom_1508353291479{margin-top: 40px !important;}&#8221;][\/vc_column][\/vc_row]<\/p>\n","protected":false},"author":1,"featured_media":0,"parent":0,"menu_order":0,"comment_status":"closed","ping_status":"closed","template":"","meta":{"_coblocks_attr":"","_coblocks_dimensions":"","_coblocks_responsive_height":"","_coblocks_accordion_ie_support":"","_mi_skip_tracking":false},"yoast_head":"<!-- This site is optimized with the Yoast SEO plugin v18.6 - https:\/\/yoast.com\/wordpress\/plugins\/seo\/ -->\n<title>Mint Journal | Mint Media Dubrovnik<\/title>\n<meta name=\"description\" content=\"Mint Journal informira korisnika o najnovijim doga\u0111anjima u Mint Mediji i o novostima u svijetu digitalnog marketinga koje mogu pobolj\u0161ati Va\u0161e poslovanje.\" \/>\n<meta name=\"robots\" content=\"index, follow, max-snippet:-1, max-image-preview:large, max-video-preview:-1\" \/>\n<link rel=\"canonical\" href=\"https:\/\/www.mint-media.hr\/hr\/blog\/\" \/>\n<meta property=\"og:locale\" content=\"hr_HR\" \/>\n<meta property=\"og:type\" content=\"article\" \/>\n<meta property=\"og:title\" content=\"Mint Journal | Mint Media Dubrovnik\" \/>\n<meta property=\"og:description\" content=\"Mint Journal informira korisnika o najnovijim doga\u0111anjima u Mint Mediji i o novostima u svijetu digitalnog marketinga koje mogu pobolj\u0161ati Va\u0161e poslovanje.\" \/>\n<meta property=\"og:url\" content=\"https:\/\/www.mint-media.hr\/hr\/blog\/\" \/>\n<meta property=\"og:site_name\" content=\"Mint Media Dubrovnik\" \/>\n<meta property=\"article:publisher\" content=\"https:\/\/www.facebook.com\/MintMediaHr\/\" \/>\n<meta property=\"article:modified_time\" content=\"2017-10-25T19:43:32+00:00\" \/>\n<meta name=\"twitter:card\" content=\"summary\" \/>\n<script type=\"application\/ld+json\" class=\"yoast-schema-graph\">{\"@context\":\"https:\/\/schema.org\",\"@graph\":[{\"@type\":\"Organization\",\"@id\":\"https:\/\/www.mint-media.hr\/#organization\",\"name\":\"Mint Media d.o.o.\",\"url\":\"https:\/\/www.mint-media.hr\/\",\"sameAs\":[\"https:\/\/www.facebook.com\/MintMediaHr\/\",\"https:\/\/www.instagram.com\/mint.the.team\/\",\"https:\/\/www.linkedin.com\/company\/mint-media-d.o.o.\/\",\"https:\/\/www.youtube.com\/channel\/UCZnReOruylyFbpLSZSRIyvw\"],\"logo\":{\"@type\":\"ImageObject\",\"@id\":\"https:\/\/www.mint-media.hr\/#logo\",\"inLanguage\":\"hr-HR\",\"url\":\"https:\/\/www.mint-media.hr\/wp-content\/uploads\/2017\/10\/cropped-mint-logo-1-e1508161399198.png\",\"contentUrl\":\"https:\/\/www.mint-media.hr\/wp-content\/uploads\/2017\/10\/cropped-mint-logo-1-e1508161399198.png\",\"width\":345,\"height\":321,\"caption\":\"Mint Media d.o.o.\"},\"image\":{\"@id\":\"https:\/\/www.mint-media.hr\/#logo\"}},{\"@type\":\"WebSite\",\"@id\":\"https:\/\/www.mint-media.hr\/#website\",\"url\":\"https:\/\/www.mint-media.hr\/\",\"name\":\"Mint Media Dubrovnik\",\"description\":\"Full Service Digital Agency\",\"publisher\":{\"@id\":\"https:\/\/www.mint-media.hr\/#organization\"},\"potentialAction\":[{\"@type\":\"SearchAction\",\"target\":{\"@type\":\"EntryPoint\",\"urlTemplate\":\"https:\/\/www.mint-media.hr\/?s={search_term_string}\"},\"query-input\":\"required name=search_term_string\"}],\"inLanguage\":\"hr-HR\"},{\"@type\":\"WebPage\",\"@id\":\"https:\/\/www.mint-media.hr\/hr\/blog\/#webpage\",\"url\":\"https:\/\/www.mint-media.hr\/hr\/blog\/\",\"name\":\"Mint Journal | Mint Media Dubrovnik\",\"isPartOf\":{\"@id\":\"https:\/\/www.mint-media.hr\/#website\"},\"datePublished\":\"2017-10-13T10:40:52+00:00\",\"dateModified\":\"2017-10-25T19:43:32+00:00\",\"description\":\"Mint Journal informira korisnika o najnovijim doga\u0111anjima u Mint Mediji i o novostima u svijetu digitalnog marketinga koje mogu pobolj\u0161ati Va\u0161e poslovanje.\",\"breadcrumb\":{\"@id\":\"https:\/\/www.mint-media.hr\/hr\/blog\/#breadcrumb\"},\"inLanguage\":\"hr-HR\",\"potentialAction\":[{\"@type\":\"ReadAction\",\"target\":[\"https:\/\/www.mint-media.hr\/hr\/blog\/\"]}]},{\"@type\":\"BreadcrumbList\",\"@id\":\"https:\/\/www.mint-media.hr\/hr\/blog\/#breadcrumb\",\"itemListElement\":[{\"@type\":\"ListItem\",\"position\":1,\"name\":\"Home\",\"item\":\"https:\/\/www.mint-media.hr\/hr\/\"},{\"@type\":\"ListItem\",\"position\":2,\"name\":\"MINT JOURNAL\"}]}]}<\/script>\n<!-- \/ Yoast SEO plugin. -->","yoast_head_json":{"title":"Mint Journal | Mint Media Dubrovnik","description":"Mint Journal informira korisnika o najnovijim doga\u0111anjima u Mint Mediji i o novostima u svijetu digitalnog marketinga koje mogu pobolj\u0161ati Va\u0161e poslovanje.","robots":{"index":"index","follow":"follow","max-snippet":"max-snippet:-1","max-image-preview":"max-image-preview:large","max-video-preview":"max-video-preview:-1"},"canonical":"https:\/\/www.mint-media.hr\/hr\/blog\/","og_locale":"hr_HR","og_type":"article","og_title":"Mint Journal | Mint Media Dubrovnik","og_description":"Mint Journal informira korisnika o najnovijim doga\u0111anjima u Mint Mediji i o novostima u svijetu digitalnog marketinga koje mogu pobolj\u0161ati Va\u0161e poslovanje.","og_url":"https:\/\/www.mint-media.hr\/hr\/blog\/","og_site_name":"Mint Media Dubrovnik","article_publisher":"https:\/\/www.facebook.com\/MintMediaHr\/","article_modified_time":"2017-10-25T19:43:32+00:00","twitter_card":"summary","schema":{"@context":"https:\/\/schema.org","@graph":[{"@type":"Organization","@id":"https:\/\/www.mint-media.hr\/#organization","name":"Mint Media d.o.o.","url":"https:\/\/www.mint-media.hr\/","sameAs":["https:\/\/www.facebook.com\/MintMediaHr\/","https:\/\/www.instagram.com\/mint.the.team\/","https:\/\/www.linkedin.com\/company\/mint-media-d.o.o.\/","https:\/\/www.youtube.com\/channel\/UCZnReOruylyFbpLSZSRIyvw"],"logo":{"@type":"ImageObject","@id":"https:\/\/www.mint-media.hr\/#logo","inLanguage":"hr-HR","url":"https:\/\/www.mint-media.hr\/wp-content\/uploads\/2017\/10\/cropped-mint-logo-1-e1508161399198.png","contentUrl":"https:\/\/www.mint-media.hr\/wp-content\/uploads\/2017\/10\/cropped-mint-logo-1-e1508161399198.png","width":345,"height":321,"caption":"Mint Media d.o.o."},"image":{"@id":"https:\/\/www.mint-media.hr\/#logo"}},{"@type":"WebSite","@id":"https:\/\/www.mint-media.hr\/#website","url":"https:\/\/www.mint-media.hr\/","name":"Mint Media Dubrovnik","description":"Full Service Digital Agency","publisher":{"@id":"https:\/\/www.mint-media.hr\/#organization"},"potentialAction":[{"@type":"SearchAction","target":{"@type":"EntryPoint","urlTemplate":"https:\/\/www.mint-media.hr\/?s={search_term_string}"},"query-input":"required name=search_term_string"}],"inLanguage":"hr-HR"},{"@type":"WebPage","@id":"https:\/\/www.mint-media.hr\/hr\/blog\/#webpage","url":"https:\/\/www.mint-media.hr\/hr\/blog\/","name":"Mint Journal | Mint Media Dubrovnik","isPartOf":{"@id":"https:\/\/www.mint-media.hr\/#website"},"datePublished":"2017-10-13T10:40:52+00:00","dateModified":"2017-10-25T19:43:32+00:00","description":"Mint Journal informira korisnika o najnovijim doga\u0111anjima u Mint Mediji i o novostima u svijetu digitalnog marketinga koje mogu pobolj\u0161ati Va\u0161e poslovanje.","breadcrumb":{"@id":"https:\/\/www.mint-media.hr\/hr\/blog\/#breadcrumb"},"inLanguage":"hr-HR","potentialAction":[{"@type":"ReadAction","target":["https:\/\/www.mint-media.hr\/hr\/blog\/"]}]},{"@type":"BreadcrumbList","@id":"https:\/\/www.mint-media.hr\/hr\/blog\/#breadcrumb","itemListElement":[{"@type":"ListItem","position":1,"name":"Home","item":"https:\/\/www.mint-media.hr\/hr\/"},{"@type":"ListItem","position":2,"name":"MINT JOURNAL"}]}]}},"_links":{"self":[{"href":"https:\/\/www.mint-media.hr\/hr\/wp-json\/wp\/v2\/pages\/3198"}],"collection":[{"href":"https:\/\/www.mint-media.hr\/hr\/wp-json\/wp\/v2\/pages"}],"about":[{"href":"https:\/\/www.mint-media.hr\/hr\/wp-json\/wp\/v2\/types\/page"}],"author":[{"embeddable":true,"href":"https:\/\/www.mint-media.hr\/hr\/wp-json\/wp\/v2\/users\/1"}],"replies":[{"embeddable":true,"href":"https:\/\/www.mint-media.hr\/hr\/wp-json\/wp\/v2\/comments?post=3198"}],"version-history":[{"count":16,"href":"https:\/\/www.mint-media.hr\/hr\/wp-json\/wp\/v2\/pages\/3198\/revisions"}],"predecessor-version":[{"id":4007,"href":"https:\/\/www.mint-media.hr\/hr\/wp-json\/wp\/v2\/pages\/3198\/revisions\/4007"}],"wp:attachment":[{"href":"https:\/\/www.mint-media.hr\/hr\/wp-json\/wp\/v2\/media?parent=3198"}],"curies":[{"name":"wp","href":"https:\/\/api.w.org\/{rel}","templated":true}]}}